{"id":552,"date":"2023-09-11T10:45:02","date_gmt":"2023-09-11T08:45:02","guid":{"rendered":"https:\/\/www.sogood.be\/patons-pour-gaufre-de-liege-belgique\/"},"modified":"2024-02-28T10:23:12","modified_gmt":"2024-02-28T09:23:12","slug":"wafeldeeg-voor-luikse-wafelsbelgie","status":"publish","type":"page","link":"https:\/\/www.sogood.be\/nl\/wafeldeeg-voor-luikse-wafelsbelgie\/","title":{"rendered":"Ons wafeldeeg"},"content":{"rendered":"\t\t<div data-elementor-type=\"wp-page\" data-elementor-id=\"552\" class=\"elementor elementor-552 elementor-59\" data-elementor-post-type=\"page\">\n\t\t\t\t\t\t<section class=\"elementor-section elementor-top-section elementor-element elementor-element-c445067 elementor-section-boxed elementor-section-height-default elementor-section-height-default\" data-id=\"c445067\" data-element_type=\"section\" data-e-type=\"section\" data-settings=\"{&quot;background_background&quot;:&quot;classic&quot;}\">\n\t\t\t\t\t\t\t<div class=\"elementor-background-overlay\"><\/div>\n\t\t\t\t\t\t\t<div class=\"elementor-container elementor-column-gap-default\">\n\t\t\t\t\t<div class=\"elementor-column elementor-col-100 elementor-top-column elementor-element elementor-element-d6f6ab4\" data-id=\"d6f6ab4\" data-element_type=\"column\" data-e-type=\"column\">\n\t\t\t<div class=\"elementor-widget-wrap elementor-element-populated\">\n\t\t\t\t\t\t<div class=\"elementor-element elementor-element-a82ff4b elementor-widget elementor-widget-heading\" data-id=\"a82ff4b\" data-element_type=\"widget\" data-e-type=\"widget\" data-widget_type=\"heading.default\">\n\t\t\t\t\t<div class=\"elementor-heading-title elementor-size-default\">Een successtory<\/div>\t\t\t\t<\/div>\n\t\t\t\t<div class=\"elementor-element elementor-element-bd9561c elementor-widget elementor-widget-heading\" data-id=\"bd9561c\" data-element_type=\"widget\" data-e-type=\"widget\" data-widget_type=\"heading.default\">\n\t\t\t\t\t<h1 class=\"elementor-heading-title elementor-size-default\">Ons diepvrieswafeldeeg<br> uit Luik<\/h1>\t\t\t\t<\/div>\n\t\t\t\t<div class=\"elementor-element elementor-element-d11edbe elementor-widget elementor-widget-heading\" data-id=\"d11edbe\" data-element_type=\"widget\" data-e-type=\"widget\" data-widget_type=\"heading.default\">\n\t\t\t\t\t<h2 class=\"elementor-heading-title elementor-size-default\">Ambachtelijke productie<\/h2>\t\t\t\t<\/div>\n\t\t\t\t\t<\/div>\n\t\t<\/div>\n\t\t\t\t\t<\/div>\n\t\t<\/section>\n\t\t\t\t<section class=\"elementor-section elementor-top-section elementor-element elementor-element-fbae360 elementor-section-boxed elementor-section-height-default elementor-section-height-default\" data-id=\"fbae360\" data-element_type=\"section\" data-e-type=\"section\">\n\t\t\t\t\t\t<div class=\"elementor-container elementor-column-gap-default\">\n\t\t\t\t\t<div class=\"elementor-column elementor-col-50 elementor-top-column elementor-element elementor-element-7ef140e\" data-id=\"7ef140e\" data-element_type=\"column\" data-e-type=\"column\">\n\t\t\t<div class=\"elementor-widget-wrap elementor-element-populated\">\n\t\t\t\t\t\t<div class=\"elementor-element elementor-element-10869d9 ux-img-border elementor-hidden-tablet elementor-hidden-mobile elementor-widget elementor-widget-image\" data-id=\"10869d9\" data-element_type=\"widget\" data-e-type=\"widget\" data-widget_type=\"image.default\">\n\t\t\t\t\t\t\t\t\t\t\t\t\t\t\t<img fetchpriority=\"high\" decoding=\"async\" width=\"400\" height=\"533\" src=\"https:\/\/www.sogood.be\/wp-content\/uploads\/2024\/01\/gaufre-de-liege-au-sucre-1.1.jpg\" class=\"attachment-full size-full wp-image-376\" alt=\"\" srcset=\"https:\/\/www.sogood.be\/wp-content\/uploads\/2024\/01\/gaufre-de-liege-au-sucre-1.1.jpg 400w, https:\/\/www.sogood.be\/wp-content\/uploads\/2024\/01\/gaufre-de-liege-au-sucre-1.1-225x300.jpg 225w\" sizes=\"(max-width: 400px) 100vw, 400px\" \/>\t\t\t\t\t\t\t\t\t\t\t\t\t\t\t<\/div>\n\t\t\t\t<div class=\"elementor-element elementor-element-3497c3a ux-img-border elementor-hidden-desktop elementor-widget elementor-widget-image\" data-id=\"3497c3a\" data-element_type=\"widget\" data-e-type=\"widget\" data-widget_type=\"image.default\">\n\t\t\t\t\t\t\t\t\t\t\t\t\t\t\t<img decoding=\"async\" width=\"1000\" height=\"750\" src=\"https:\/\/www.sogood.be\/wp-content\/uploads\/2024\/01\/gaufre-de-liege-au-sucre-2.jpg\" class=\"attachment-full size-full wp-image-379\" alt=\"\" srcset=\"https:\/\/www.sogood.be\/wp-content\/uploads\/2024\/01\/gaufre-de-liege-au-sucre-2.jpg 1000w, https:\/\/www.sogood.be\/wp-content\/uploads\/2024\/01\/gaufre-de-liege-au-sucre-2-300x225.jpg 300w, https:\/\/www.sogood.be\/wp-content\/uploads\/2024\/01\/gaufre-de-liege-au-sucre-2-768x576.jpg 768w\" sizes=\"(max-width: 1000px) 100vw, 1000px\" \/>\t\t\t\t\t\t\t\t\t\t\t\t\t\t\t<\/div>\n\t\t\t\t\t<\/div>\n\t\t<\/div>\n\t\t\t\t<div class=\"elementor-column elementor-col-50 elementor-top-column elementor-element elementor-element-8c5d284\" data-id=\"8c5d284\" data-element_type=\"column\" data-e-type=\"column\">\n\t\t\t<div class=\"elementor-widget-wrap elementor-element-populated\">\n\t\t\t\t\t\t<div class=\"elementor-element elementor-element-6a739d1 elementor-widget elementor-widget-heading\" data-id=\"6a739d1\" data-element_type=\"widget\" data-e-type=\"widget\" data-widget_type=\"heading.default\">\n\t\t\t\t\t<h2 class=\"elementor-heading-title elementor-size-default\">Ontdek het uitmuntend vakmanschap van de so good luikse wafels<\/h2>\t\t\t\t<\/div>\n\t\t\t\t<div class=\"elementor-element elementor-element-b0b04bf elementor-drop-cap-yes elementor-drop-cap-view-default elementor-widget elementor-widget-text-editor\" data-id=\"b0b04bf\" data-element_type=\"widget\" data-e-type=\"widget\" data-settings=\"{&quot;drop_cap&quot;:&quot;yes&quot;}\" data-widget_type=\"text-editor.default\">\n\t\t\t\t\t\t\t\t\t<p>Ons Luiks wafeldeeg is het resultaat van traditionele know how, een combinatie van passie en kwaliteit. Elk hapje roept de authenticiteit op van een goed bewaarde Belgische traditie.<\/p>\t\t\t\t\t\t\t\t<\/div>\n\t\t\t\t<div class=\"elementor-element elementor-element-e4f973a elementor-widget elementor-widget-accordion\" data-id=\"e4f973a\" data-element_type=\"widget\" data-e-type=\"widget\" data-widget_type=\"accordion.default\">\n\t\t\t\t\t\t\t<div class=\"elementor-accordion\">\n\t\t\t\t\t\t\t<div class=\"elementor-accordion-item\">\n\t\t\t\t\t<div id=\"elementor-tab-title-2401\" class=\"elementor-tab-title\" data-tab=\"1\" role=\"button\" aria-controls=\"elementor-tab-content-2401\" aria-expanded=\"false\">\n\t\t\t\t\t\t\t\t\t\t\t\t\t<span class=\"elementor-accordion-icon elementor-accordion-icon-left\" aria-hidden=\"true\">\n\t\t\t\t\t\t\t\t\t\t\t\t\t\t\t<span class=\"elementor-accordion-icon-closed\"><svg class=\"e-font-icon-svg e-fas-angle-down\" viewBox=\"0 0 320 512\" xmlns=\"http:\/\/www.w3.org\/2000\/svg\"><path d=\"M143 352.3L7 216.3c-9.4-9.4-9.4-24.6 0-33.9l22.6-22.6c9.4-9.4 24.6-9.4 33.9 0l96.4 96.4 96.4-96.4c9.4-9.4 24.6-9.4 33.9 0l22.6 22.6c9.4 9.4 9.4 24.6 0 33.9l-136 136c-9.2 9.4-24.4 9.4-33.8 0z\"><\/path><\/svg><\/span>\n\t\t\t\t\t\t\t\t<span class=\"elementor-accordion-icon-opened\"><svg class=\"e-font-icon-svg e-fas-angle-up\" viewBox=\"0 0 320 512\" xmlns=\"http:\/\/www.w3.org\/2000\/svg\"><path d=\"M177 159.7l136 136c9.4 9.4 9.4 24.6 0 33.9l-22.6 22.6c-9.4 9.4-24.6 9.4-33.9 0L160 255.9l-96.4 96.4c-9.4 9.4-24.6 9.4-33.9 0L7 329.7c-9.4-9.4-9.4-24.6 0-33.9l136-136c9.4-9.5 24.6-9.5 34-.1z\"><\/path><\/svg><\/span>\n\t\t\t\t\t\t\t\t\t\t\t\t\t\t<\/span>\n\t\t\t\t\t\t\t\t\t\t\t\t<a class=\"elementor-accordion-title\" tabindex=\"0\">Superieure kwaliteit<\/a>\n\t\t\t\t\t<\/div>\n\t\t\t\t\t<div id=\"elementor-tab-content-2401\" class=\"elementor-tab-content elementor-clearfix\" data-tab=\"1\" role=\"region\" aria-labelledby=\"elementor-tab-title-2401\"><p>Dompel jezelf onder in een ongeevenaarde smaakervaring met ons Luiks wafeldeeg, gemaakt van hoogwaardige ingredienten. De zoektocht naar kwaliteit begeleidt elke stap van van ons ambachtelijk productieproces. Elke wafel is klaar om te genieten en te delen.<\/p><\/div>\n\t\t\t\t<\/div>\n\t\t\t\t\t\t\t<div class=\"elementor-accordion-item\">\n\t\t\t\t\t<div id=\"elementor-tab-title-2402\" class=\"elementor-tab-title\" data-tab=\"2\" role=\"button\" aria-controls=\"elementor-tab-content-2402\" aria-expanded=\"false\">\n\t\t\t\t\t\t\t\t\t\t\t\t\t<span class=\"elementor-accordion-icon elementor-accordion-icon-left\" aria-hidden=\"true\">\n\t\t\t\t\t\t\t\t\t\t\t\t\t\t\t<span class=\"elementor-accordion-icon-closed\"><svg class=\"e-font-icon-svg e-fas-angle-down\" viewBox=\"0 0 320 512\" xmlns=\"http:\/\/www.w3.org\/2000\/svg\"><path d=\"M143 352.3L7 216.3c-9.4-9.4-9.4-24.6 0-33.9l22.6-22.6c9.4-9.4 24.6-9.4 33.9 0l96.4 96.4 96.4-96.4c9.4-9.4 24.6-9.4 33.9 0l22.6 22.6c9.4 9.4 9.4 24.6 0 33.9l-136 136c-9.2 9.4-24.4 9.4-33.8 0z\"><\/path><\/svg><\/span>\n\t\t\t\t\t\t\t\t<span class=\"elementor-accordion-icon-opened\"><svg class=\"e-font-icon-svg e-fas-angle-up\" viewBox=\"0 0 320 512\" xmlns=\"http:\/\/www.w3.org\/2000\/svg\"><path d=\"M177 159.7l136 136c9.4 9.4 9.4 24.6 0 33.9l-22.6 22.6c-9.4 9.4-24.6 9.4-33.9 0L160 255.9l-96.4 96.4c-9.4 9.4-24.6 9.4-33.9 0L7 329.7c-9.4-9.4-9.4-24.6 0-33.9l136-136c9.4-9.5 24.6-9.5 34-.1z\"><\/path><\/svg><\/span>\n\t\t\t\t\t\t\t\t\t\t\t\t\t\t<\/span>\n\t\t\t\t\t\t\t\t\t\t\t\t<a class=\"elementor-accordion-title\" tabindex=\"0\">Optimale verpakking<\/a>\n\t\t\t\t\t<\/div>\n\t\t\t\t\t<div id=\"elementor-tab-content-2402\" class=\"elementor-tab-content elementor-clearfix\" data-tab=\"2\" role=\"region\" aria-labelledby=\"elementor-tab-title-2402\"><p>Versheid is onze absolute prioriteit. Ons wafeldeeg wordt zorgvuldig verpakt in dozen van 130 stuks. Elke doos bevat 5 lagen van 26 stuks. Dit zorgt voor een gemakkelijke verwerking en garandeert een optimale bewaring.<\/p><p>Zo zijn de So Good deegbollen klaar om te worden omgetoverd tot een lekkernij voor fijnproevers<\/p><\/div>\n\t\t\t\t<\/div>\n\t\t\t\t\t\t\t<div class=\"elementor-accordion-item\">\n\t\t\t\t\t<div id=\"elementor-tab-title-2403\" class=\"elementor-tab-title\" data-tab=\"3\" role=\"button\" aria-controls=\"elementor-tab-content-2403\" aria-expanded=\"false\">\n\t\t\t\t\t\t\t\t\t\t\t\t\t<span class=\"elementor-accordion-icon elementor-accordion-icon-left\" aria-hidden=\"true\">\n\t\t\t\t\t\t\t\t\t\t\t\t\t\t\t<span class=\"elementor-accordion-icon-closed\"><svg class=\"e-font-icon-svg e-fas-angle-down\" viewBox=\"0 0 320 512\" xmlns=\"http:\/\/www.w3.org\/2000\/svg\"><path d=\"M143 352.3L7 216.3c-9.4-9.4-9.4-24.6 0-33.9l22.6-22.6c9.4-9.4 24.6-9.4 33.9 0l96.4 96.4 96.4-96.4c9.4-9.4 24.6-9.4 33.9 0l22.6 22.6c9.4 9.4 9.4 24.6 0 33.9l-136 136c-9.2 9.4-24.4 9.4-33.8 0z\"><\/path><\/svg><\/span>\n\t\t\t\t\t\t\t\t<span class=\"elementor-accordion-icon-opened\"><svg class=\"e-font-icon-svg e-fas-angle-up\" viewBox=\"0 0 320 512\" xmlns=\"http:\/\/www.w3.org\/2000\/svg\"><path d=\"M177 159.7l136 136c9.4 9.4 9.4 24.6 0 33.9l-22.6 22.6c-9.4 9.4-24.6 9.4-33.9 0L160 255.9l-96.4 96.4c-9.4 9.4-24.6 9.4-33.9 0L7 329.7c-9.4-9.4-9.4-24.6 0-33.9l136-136c9.4-9.5 24.6-9.5 34-.1z\"><\/path><\/svg><\/span>\n\t\t\t\t\t\t\t\t\t\t\t\t\t\t<\/span>\n\t\t\t\t\t\t\t\t\t\t\t\t<a class=\"elementor-accordion-title\" tabindex=\"0\">Strenge gezondheidsnormen<\/a>\n\t\t\t\t\t<\/div>\n\t\t\t\t\t<div id=\"elementor-tab-content-2403\" class=\"elementor-tab-content elementor-clearfix\" data-tab=\"3\" role=\"region\" aria-labelledby=\"elementor-tab-title-2403\"><p>Uw gezondheid en tevredenheid zijn onze toewijding. So Good voldoet aan de strenge gezondheidsnormen van de FAVV in Europa en de FDA in de Verenigde Staten.<\/p><p>Ons onmiddellijk verpakkings- en vriesproces gebeurt bij optimale temperaturen waardoor de authentieke smaken blijven behouden en we zo voldoen aan de strengste voedselvereisten. Met So Good ben je op elk moment verzekerd van kwaliteit en vertrouwen<\/p><\/div>\n\t\t\t\t<\/div>\n\t\t\t\t\t\t\t\t<\/div>\n\t\t\t\t\t\t<\/div>\n\t\t\t\t\t<\/div>\n\t\t<\/div>\n\t\t\t\t\t<\/div>\n\t\t<\/section>\n\t\t\t\t<\/div>\n\t\t","protected":false},"excerpt":{"rendered":"<p>Een successtory Ons diepvrieswafeldeeg uit Luik Ambachtelijke productie Ontdek het uitmuntend vakmanschap van de so good luikse wafels Ons Luiks wafeldeeg is het resultaat van traditionele know how, een combinatie van passie en kwaliteit. Elk hapje roept de authenticiteit op van een goed bewaarde Belgische traditie. Superieure kwaliteit Dompel jezelf onder in een ongeevenaarde smaakervaring [&hellip;]<\/p>\n","protected":false},"author":1,"featured_media":0,"parent":0,"menu_order":0,"comment_status":"closed","ping_status":"closed","template":"","meta":{"footnotes":""},"class_list":["post-552","page","type-page","status-publish","hentry"],"yoast_head":"<!-- This site is optimized with the Yoast SEO plugin v27.5 - https:\/\/yoast.com\/product\/yoast-seo-wordpress\/ -->\n<title>Ambachtelijke productie van bevroren wafeldeeg voor Luikse wafels - So Good<\/title>\n<meta name=\"description\" content=\"Dompel uzelf onder in de authenticiteit van ambachtelijke productie van bevroren wafeldeeg voor Luikse wafels. Klaar voor gebruik en zorgvuldig ingevroren, bieden onze wafeldeeg een onge\u00ebvenaarde smaakervaring.\" \/>\n<meta name=\"robots\" content=\"index, follow, max-snippet:-1, max-image-preview:large, max-video-preview:-1\" \/>\n<link rel=\"canonical\" href=\"https:\/\/www.sogood.be\/nl\/wafeldeeg-voor-luikse-wafelsbelgie\/\" \/>\n<meta property=\"og:locale\" content=\"nl_NL\" \/>\n<meta property=\"og:type\" content=\"article\" \/>\n<meta property=\"og:title\" content=\"Ambachtelijke productie van bevroren wafeldeeg voor Luikse wafels - So Good\" \/>\n<meta property=\"og:description\" content=\"Dompel uzelf onder in de authenticiteit van ambachtelijke productie van bevroren wafeldeeg voor Luikse wafels. Klaar voor gebruik en zorgvuldig ingevroren, bieden onze wafeldeeg een onge\u00ebvenaarde smaakervaring.\" \/>\n<meta property=\"og:url\" content=\"https:\/\/www.sogood.be\/nl\/wafeldeeg-voor-luikse-wafelsbelgie\/\" \/>\n<meta property=\"og:site_name\" content=\"So Good\" \/>\n<meta property=\"article:modified_time\" content=\"2024-02-28T09:23:12+00:00\" \/>\n<meta property=\"og:image\" content=\"https:\/\/www.sogood.be\/wp-content\/uploads\/2024\/01\/gaufre-de-liege-au-sucre-1.1.jpg\" \/>\n<meta name=\"twitter:card\" content=\"summary_large_image\" \/>\n<meta name=\"twitter:label1\" content=\"Geschatte leestijd\" \/>\n\t<meta name=\"twitter:data1\" content=\"2 minuten\" \/>\n<script type=\"application\/ld+json\" class=\"yoast-schema-graph\">{\"@context\":\"https:\\\/\\\/schema.org\",\"@graph\":[{\"@type\":\"WebPage\",\"@id\":\"https:\\\/\\\/www.sogood.be\\\/nl\\\/wafeldeeg-voor-luikse-wafelsbelgie\\\/\",\"url\":\"https:\\\/\\\/www.sogood.be\\\/nl\\\/wafeldeeg-voor-luikse-wafelsbelgie\\\/\",\"name\":\"Ambachtelijke productie van bevroren wafeldeeg voor Luikse wafels - So Good\",\"isPartOf\":{\"@id\":\"https:\\\/\\\/www.sogood.be\\\/nl\\\/#website\"},\"primaryImageOfPage\":{\"@id\":\"https:\\\/\\\/www.sogood.be\\\/nl\\\/wafeldeeg-voor-luikse-wafelsbelgie\\\/#primaryimage\"},\"image\":{\"@id\":\"https:\\\/\\\/www.sogood.be\\\/nl\\\/wafeldeeg-voor-luikse-wafelsbelgie\\\/#primaryimage\"},\"thumbnailUrl\":\"https:\\\/\\\/www.sogood.be\\\/wp-content\\\/uploads\\\/2024\\\/01\\\/gaufre-de-liege-au-sucre-1.1.jpg\",\"datePublished\":\"2023-09-11T08:45:02+00:00\",\"dateModified\":\"2024-02-28T09:23:12+00:00\",\"description\":\"Dompel uzelf onder in de authenticiteit van ambachtelijke productie van bevroren wafeldeeg voor Luikse wafels. Klaar voor gebruik en zorgvuldig ingevroren, bieden onze wafeldeeg een onge\u00ebvenaarde smaakervaring.\",\"breadcrumb\":{\"@id\":\"https:\\\/\\\/www.sogood.be\\\/nl\\\/wafeldeeg-voor-luikse-wafelsbelgie\\\/#breadcrumb\"},\"inLanguage\":\"nl-NL\",\"potentialAction\":[{\"@type\":\"ReadAction\",\"target\":[\"https:\\\/\\\/www.sogood.be\\\/nl\\\/wafeldeeg-voor-luikse-wafelsbelgie\\\/\"]}]},{\"@type\":\"ImageObject\",\"inLanguage\":\"nl-NL\",\"@id\":\"https:\\\/\\\/www.sogood.be\\\/nl\\\/wafeldeeg-voor-luikse-wafelsbelgie\\\/#primaryimage\",\"url\":\"https:\\\/\\\/www.sogood.be\\\/wp-content\\\/uploads\\\/2024\\\/01\\\/gaufre-de-liege-au-sucre-1.1.jpg\",\"contentUrl\":\"https:\\\/\\\/www.sogood.be\\\/wp-content\\\/uploads\\\/2024\\\/01\\\/gaufre-de-liege-au-sucre-1.1.jpg\"},{\"@type\":\"BreadcrumbList\",\"@id\":\"https:\\\/\\\/www.sogood.be\\\/nl\\\/wafeldeeg-voor-luikse-wafelsbelgie\\\/#breadcrumb\",\"itemListElement\":[{\"@type\":\"ListItem\",\"position\":1,\"name\":\"Accueil\",\"item\":\"https:\\\/\\\/www.sogood.be\\\/nl\\\/\"},{\"@type\":\"ListItem\",\"position\":2,\"name\":\"Ons wafeldeeg\"}]},{\"@type\":\"WebSite\",\"@id\":\"https:\\\/\\\/www.sogood.be\\\/nl\\\/#website\",\"url\":\"https:\\\/\\\/www.sogood.be\\\/nl\\\/\",\"name\":\"So Good\",\"description\":\"P\u00e2tons et gaufres de Li\u00e8ge produits de fa\u00e7on artisanale\",\"publisher\":{\"@id\":\"https:\\\/\\\/www.sogood.be\\\/nl\\\/#organization\"},\"potentialAction\":[{\"@type\":\"SearchAction\",\"target\":{\"@type\":\"EntryPoint\",\"urlTemplate\":\"https:\\\/\\\/www.sogood.be\\\/nl\\\/?s={search_term_string}\"},\"query-input\":{\"@type\":\"PropertyValueSpecification\",\"valueRequired\":true,\"valueName\":\"search_term_string\"}}],\"inLanguage\":\"nl-NL\"},{\"@type\":\"Organization\",\"@id\":\"https:\\\/\\\/www.sogood.be\\\/nl\\\/#organization\",\"name\":\"So Good\",\"url\":\"https:\\\/\\\/www.sogood.be\\\/nl\\\/\",\"logo\":{\"@type\":\"ImageObject\",\"inLanguage\":\"nl-NL\",\"@id\":\"https:\\\/\\\/www.sogood.be\\\/nl\\\/#\\\/schema\\\/logo\\\/image\\\/\",\"url\":\"https:\\\/\\\/www.sogood.be\\\/wp-content\\\/uploads\\\/2023\\\/09\\\/object1483291453.png\",\"contentUrl\":\"https:\\\/\\\/www.sogood.be\\\/wp-content\\\/uploads\\\/2023\\\/09\\\/object1483291453.png\",\"width\":219,\"height\":100,\"caption\":\"So Good\"},\"image\":{\"@id\":\"https:\\\/\\\/www.sogood.be\\\/nl\\\/#\\\/schema\\\/logo\\\/image\\\/\"}}]}<\/script>\n<!-- \/ Yoast SEO plugin. -->","yoast_head_json":{"title":"Ambachtelijke productie van bevroren wafeldeeg voor Luikse wafels - So Good","description":"Dompel uzelf onder in de authenticiteit van ambachtelijke productie van bevroren wafeldeeg voor Luikse wafels. Klaar voor gebruik en zorgvuldig ingevroren, bieden onze wafeldeeg een onge\u00ebvenaarde smaakervaring.","robots":{"index":"index","follow":"follow","max-snippet":"max-snippet:-1","max-image-preview":"max-image-preview:large","max-video-preview":"max-video-preview:-1"},"canonical":"https:\/\/www.sogood.be\/nl\/wafeldeeg-voor-luikse-wafelsbelgie\/","og_locale":"nl_NL","og_type":"article","og_title":"Ambachtelijke productie van bevroren wafeldeeg voor Luikse wafels - So Good","og_description":"Dompel uzelf onder in de authenticiteit van ambachtelijke productie van bevroren wafeldeeg voor Luikse wafels. Klaar voor gebruik en zorgvuldig ingevroren, bieden onze wafeldeeg een onge\u00ebvenaarde smaakervaring.","og_url":"https:\/\/www.sogood.be\/nl\/wafeldeeg-voor-luikse-wafelsbelgie\/","og_site_name":"So Good","article_modified_time":"2024-02-28T09:23:12+00:00","og_image":[{"url":"https:\/\/www.sogood.be\/wp-content\/uploads\/2024\/01\/gaufre-de-liege-au-sucre-1.1.jpg","type":"","width":"","height":""}],"twitter_card":"summary_large_image","twitter_misc":{"Geschatte leestijd":"2 minuten"},"schema":{"@context":"https:\/\/schema.org","@graph":[{"@type":"WebPage","@id":"https:\/\/www.sogood.be\/nl\/wafeldeeg-voor-luikse-wafelsbelgie\/","url":"https:\/\/www.sogood.be\/nl\/wafeldeeg-voor-luikse-wafelsbelgie\/","name":"Ambachtelijke productie van bevroren wafeldeeg voor Luikse wafels - So Good","isPartOf":{"@id":"https:\/\/www.sogood.be\/nl\/#website"},"primaryImageOfPage":{"@id":"https:\/\/www.sogood.be\/nl\/wafeldeeg-voor-luikse-wafelsbelgie\/#primaryimage"},"image":{"@id":"https:\/\/www.sogood.be\/nl\/wafeldeeg-voor-luikse-wafelsbelgie\/#primaryimage"},"thumbnailUrl":"https:\/\/www.sogood.be\/wp-content\/uploads\/2024\/01\/gaufre-de-liege-au-sucre-1.1.jpg","datePublished":"2023-09-11T08:45:02+00:00","dateModified":"2024-02-28T09:23:12+00:00","description":"Dompel uzelf onder in de authenticiteit van ambachtelijke productie van bevroren wafeldeeg voor Luikse wafels. Klaar voor gebruik en zorgvuldig ingevroren, bieden onze wafeldeeg een onge\u00ebvenaarde smaakervaring.","breadcrumb":{"@id":"https:\/\/www.sogood.be\/nl\/wafeldeeg-voor-luikse-wafelsbelgie\/#breadcrumb"},"inLanguage":"nl-NL","potentialAction":[{"@type":"ReadAction","target":["https:\/\/www.sogood.be\/nl\/wafeldeeg-voor-luikse-wafelsbelgie\/"]}]},{"@type":"ImageObject","inLanguage":"nl-NL","@id":"https:\/\/www.sogood.be\/nl\/wafeldeeg-voor-luikse-wafelsbelgie\/#primaryimage","url":"https:\/\/www.sogood.be\/wp-content\/uploads\/2024\/01\/gaufre-de-liege-au-sucre-1.1.jpg","contentUrl":"https:\/\/www.sogood.be\/wp-content\/uploads\/2024\/01\/gaufre-de-liege-au-sucre-1.1.jpg"},{"@type":"BreadcrumbList","@id":"https:\/\/www.sogood.be\/nl\/wafeldeeg-voor-luikse-wafelsbelgie\/#breadcrumb","itemListElement":[{"@type":"ListItem","position":1,"name":"Accueil","item":"https:\/\/www.sogood.be\/nl\/"},{"@type":"ListItem","position":2,"name":"Ons wafeldeeg"}]},{"@type":"WebSite","@id":"https:\/\/www.sogood.be\/nl\/#website","url":"https:\/\/www.sogood.be\/nl\/","name":"So Good","description":"P\u00e2tons et gaufres de Li\u00e8ge produits de fa\u00e7on artisanale","publisher":{"@id":"https:\/\/www.sogood.be\/nl\/#organization"},"potentialAction":[{"@type":"SearchAction","target":{"@type":"EntryPoint","urlTemplate":"https:\/\/www.sogood.be\/nl\/?s={search_term_string}"},"query-input":{"@type":"PropertyValueSpecification","valueRequired":true,"valueName":"search_term_string"}}],"inLanguage":"nl-NL"},{"@type":"Organization","@id":"https:\/\/www.sogood.be\/nl\/#organization","name":"So Good","url":"https:\/\/www.sogood.be\/nl\/","logo":{"@type":"ImageObject","inLanguage":"nl-NL","@id":"https:\/\/www.sogood.be\/nl\/#\/schema\/logo\/image\/","url":"https:\/\/www.sogood.be\/wp-content\/uploads\/2023\/09\/object1483291453.png","contentUrl":"https:\/\/www.sogood.be\/wp-content\/uploads\/2023\/09\/object1483291453.png","width":219,"height":100,"caption":"So Good"},"image":{"@id":"https:\/\/www.sogood.be\/nl\/#\/schema\/logo\/image\/"}}]}},"_links":{"self":[{"href":"https:\/\/www.sogood.be\/nl\/wp-json\/wp\/v2\/pages\/552","targetHints":{"allow":["GET"]}}],"collection":[{"href":"https:\/\/www.sogood.be\/nl\/wp-json\/wp\/v2\/pages"}],"about":[{"href":"https:\/\/www.sogood.be\/nl\/wp-json\/wp\/v2\/types\/page"}],"author":[{"embeddable":true,"href":"https:\/\/www.sogood.be\/nl\/wp-json\/wp\/v2\/users\/1"}],"replies":[{"embeddable":true,"href":"https:\/\/www.sogood.be\/nl\/wp-json\/wp\/v2\/comments?post=552"}],"version-history":[{"count":0,"href":"https:\/\/www.sogood.be\/nl\/wp-json\/wp\/v2\/pages\/552\/revisions"}],"wp:attachment":[{"href":"https:\/\/www.sogood.be\/nl\/wp-json\/wp\/v2\/media?parent=552"}],"curies":[{"name":"wp","href":"https:\/\/api.w.org\/{rel}","templated":true}]}}