{"id":548,"date":"2023-09-11T10:45:39","date_gmt":"2023-09-11T08:45:39","guid":{"rendered":"https:\/\/www.sogood.be\/materiels\/"},"modified":"2024-02-26T20:17:29","modified_gmt":"2024-02-26T19:17:29","slug":"materiaal","status":"publish","type":"page","link":"https:\/\/www.sogood.be\/nl\/materiaal\/","title":{"rendered":"Materiaal"},"content":{"rendered":"\t\t<div data-elementor-type=\"wp-page\" data-elementor-id=\"548\" class=\"elementor elementor-548 elementor-63\" data-elementor-post-type=\"page\">\n\t\t\t\t\t\t<section class=\"elementor-section elementor-top-section elementor-element elementor-element-894872e elementor-section-boxed elementor-section-height-default elementor-section-height-default\" data-id=\"894872e\" data-element_type=\"section\" data-e-type=\"section\" data-settings=\"{&quot;background_background&quot;:&quot;classic&quot;}\">\n\t\t\t\t\t\t\t<div class=\"elementor-background-overlay\"><\/div>\n\t\t\t\t\t\t\t<div class=\"elementor-container elementor-column-gap-default\">\n\t\t\t\t\t<div class=\"elementor-column elementor-col-100 elementor-top-column elementor-element elementor-element-86cadbd\" data-id=\"86cadbd\" data-element_type=\"column\" data-e-type=\"column\">\n\t\t\t<div class=\"elementor-widget-wrap elementor-element-populated\">\n\t\t\t\t\t\t<div class=\"elementor-element elementor-element-9c2661e elementor-widget elementor-widget-heading\" data-id=\"9c2661e\" data-element_type=\"widget\" data-e-type=\"widget\" data-widget_type=\"heading.default\">\n\t\t\t\t\t<div class=\"elementor-heading-title elementor-size-default\">Materiaal<\/div>\t\t\t\t<\/div>\n\t\t\t\t<div class=\"elementor-element elementor-element-3cc53b1 elementor-widget elementor-widget-heading\" data-id=\"3cc53b1\" data-element_type=\"widget\" data-e-type=\"widget\" data-widget_type=\"heading.default\">\n\t\t\t\t\t<h1 class=\"elementor-heading-title elementor-size-default\">so good adviseert<br> de wafelijzers van het merk hvd<\/h1>\t\t\t\t<\/div>\n\t\t\t\t\t<\/div>\n\t\t<\/div>\n\t\t\t\t\t<\/div>\n\t\t<\/section>\n\t\t\t\t<section class=\"elementor-section elementor-top-section elementor-element elementor-element-f499eab elementor-section-boxed elementor-section-height-default elementor-section-height-default\" data-id=\"f499eab\" data-element_type=\"section\" data-e-type=\"section\">\n\t\t\t\t\t\t<div class=\"elementor-container elementor-column-gap-default\">\n\t\t\t\t\t<div class=\"elementor-column elementor-col-50 elementor-top-column elementor-element elementor-element-ab91fc7\" data-id=\"ab91fc7\" data-element_type=\"column\" data-e-type=\"column\">\n\t\t\t<div class=\"elementor-widget-wrap elementor-element-populated\">\n\t\t\t\t\t\t<div class=\"elementor-element elementor-element-53869ae ux-img-border elementor-hidden-tablet elementor-hidden-mobile elementor-widget elementor-widget-image\" data-id=\"53869ae\" data-element_type=\"widget\" data-e-type=\"widget\" data-widget_type=\"image.default\">\n\t\t\t\t\t\t\t\t\t\t\t\t\t\t\t<img fetchpriority=\"high\" decoding=\"async\" width=\"520\" height=\"446\" src=\"https:\/\/www.sogood.be\/wp-content\/uploads\/2024\/01\/fer-hvd-A57.jpg\" class=\"attachment-full size-full wp-image-513\" alt=\"\" srcset=\"https:\/\/www.sogood.be\/wp-content\/uploads\/2024\/01\/fer-hvd-A57.jpg 520w, https:\/\/www.sogood.be\/wp-content\/uploads\/2024\/01\/fer-hvd-A57-300x257.jpg 300w\" sizes=\"(max-width: 520px) 100vw, 520px\" \/>\t\t\t\t\t\t\t\t\t\t\t\t\t\t\t<\/div>\n\t\t\t\t<div class=\"elementor-element elementor-element-f204784 elementor-widget elementor-widget-spacer\" data-id=\"f204784\" data-element_type=\"widget\" data-e-type=\"widget\" data-widget_type=\"spacer.default\">\n\t\t\t\t\t\t\t<div class=\"elementor-spacer\">\n\t\t\t<div class=\"elementor-spacer-inner\"><\/div>\n\t\t<\/div>\n\t\t\t\t\t\t<\/div>\n\t\t\t\t\t<\/div>\n\t\t<\/div>\n\t\t\t\t<div class=\"elementor-column elementor-col-50 elementor-top-column elementor-element elementor-element-e8b8e7d\" data-id=\"e8b8e7d\" data-element_type=\"column\" data-e-type=\"column\">\n\t\t\t<div class=\"elementor-widget-wrap elementor-element-populated\">\n\t\t\t\t\t\t<div class=\"elementor-element elementor-element-ecc5430 elementor-widget elementor-widget-heading\" data-id=\"ecc5430\" data-element_type=\"widget\" data-e-type=\"widget\" data-widget_type=\"heading.default\">\n\t\t\t\t\t<h2 class=\"elementor-heading-title elementor-size-default\">Uitstekend bakken:<br> de Professionele Wafelijzers van HVD<\/h2>\t\t\t\t<\/div>\n\t\t\t\t<div class=\"elementor-element elementor-element-0f905c1 elementor-drop-cap-yes elementor-drop-cap-view-default elementor-widget elementor-widget-text-editor\" data-id=\"0f905c1\" data-element_type=\"widget\" data-e-type=\"widget\" data-settings=\"{&quot;drop_cap&quot;:&quot;yes&quot;}\" data-widget_type=\"text-editor.default\">\n\t\t\t\t\t\t\t\t\t<p>Ontdek de uitmuntenheid van de professionele HVD wafelijzers, zorgvuldig gekozen om een optimale bereiding van onze Luikse wafeldeegbollen te garanderen.<br \/>Danzij deze optimale apparatuur, verzekert HVD een eindproduct van sup\u00e9rieure kwaliteit .<\/p><p>Deze wafelijzers zijn ook de eerste keuze van de YUMMY verkooppunten waar kwaliteitsbereiding bijdraagt tot een authentieke en smaakvolle ervaring voor de klanten.<br \/>Bij So Good begint de perfectie van de wafel met de zorgvuldige keuze van professioneel materiaal.<\/p>\t\t\t\t\t\t\t\t<\/div>\n\t\t\t\t<div class=\"elementor-element elementor-element-3bf9aad elementor-widget elementor-widget-text-editor\" data-id=\"3bf9aad\" data-element_type=\"widget\" data-e-type=\"widget\" data-widget_type=\"text-editor.default\">\n\t\t\t\t\t\t\t\t\t<p><strong>Voor meer informatie, contacteer<\/strong><br \/>HVD bvba<br \/>Benny PITTEURS<br \/>M : +32 (0) 475 59 95 98<\/p><p>Stephan VAN LENT<br \/>M : +32 (0)470 66 44 68<\/p><p>www.hvd.be<br \/>E : info@hvd.be<br \/>T : +32 (0)53 42 00 57<\/p>\t\t\t\t\t\t\t\t<\/div>\n\t\t\t\t\t<\/div>\n\t\t<\/div>\n\t\t\t\t\t<\/div>\n\t\t<\/section>\n\t\t\t\t<\/div>\n\t\t","protected":false},"excerpt":{"rendered":"<p>Materiaal so good adviseert de wafelijzers van het merk hvd Uitstekend bakken: de Professionele Wafelijzers van HVD Ontdek de uitmuntenheid van de professionele HVD wafelijzers, zorgvuldig gekozen om een optimale bereiding van onze Luikse wafeldeegbollen te garanderen.Danzij deze optimale apparatuur, verzekert HVD een eindproduct van sup\u00e9rieure kwaliteit . Deze wafelijzers zijn ook de eerste keuze [&hellip;]<\/p>\n","protected":false},"author":1,"featured_media":0,"parent":0,"menu_order":0,"comment_status":"closed","ping_status":"closed","template":"","meta":{"footnotes":""},"class_list":["post-548","page","type-page","status-publish","hentry"],"yoast_head":"<!-- This site is optimized with the Yoast SEO plugin v27.5 - https:\/\/yoast.com\/product\/yoast-seo-wordpress\/ -->\n<title>So Good and wafelijzers HVD<\/title>\n<meta name=\"robots\" content=\"index, follow, max-snippet:-1, max-image-preview:large, max-video-preview:-1\" \/>\n<link rel=\"canonical\" href=\"https:\/\/www.sogood.be\/nl\/materiaal\/\" \/>\n<meta property=\"og:locale\" content=\"nl_NL\" \/>\n<meta property=\"og:type\" content=\"article\" \/>\n<meta property=\"og:title\" content=\"So Good and wafelijzers HVD\" \/>\n<meta property=\"og:description\" content=\"Materiaal so good adviseert de wafelijzers van het merk hvd Uitstekend bakken: de Professionele Wafelijzers van HVD Ontdek de uitmuntenheid van de professionele HVD wafelijzers, zorgvuldig gekozen om een optimale bereiding van onze Luikse wafeldeegbollen te garanderen.Danzij deze optimale apparatuur, verzekert HVD een eindproduct van sup\u00e9rieure kwaliteit . Deze wafelijzers zijn ook de eerste keuze [&hellip;]\" \/>\n<meta property=\"og:url\" content=\"https:\/\/www.sogood.be\/nl\/materiaal\/\" \/>\n<meta property=\"og:site_name\" content=\"So Good\" \/>\n<meta property=\"article:modified_time\" content=\"2024-02-26T19:17:29+00:00\" \/>\n<meta property=\"og:image\" content=\"https:\/\/www.sogood.be\/wp-content\/uploads\/2024\/01\/fer-hvd-A57.jpg\" \/>\n<meta name=\"twitter:card\" content=\"summary_large_image\" \/>\n<meta name=\"twitter:label1\" content=\"Geschatte leestijd\" \/>\n\t<meta name=\"twitter:data1\" content=\"1 minuut\" \/>\n<script type=\"application\/ld+json\" class=\"yoast-schema-graph\">{\"@context\":\"https:\\\/\\\/schema.org\",\"@graph\":[{\"@type\":\"WebPage\",\"@id\":\"https:\\\/\\\/www.sogood.be\\\/nl\\\/materiaal\\\/\",\"url\":\"https:\\\/\\\/www.sogood.be\\\/nl\\\/materiaal\\\/\",\"name\":\"So Good and wafelijzers HVD\",\"isPartOf\":{\"@id\":\"https:\\\/\\\/www.sogood.be\\\/nl\\\/#website\"},\"primaryImageOfPage\":{\"@id\":\"https:\\\/\\\/www.sogood.be\\\/nl\\\/materiaal\\\/#primaryimage\"},\"image\":{\"@id\":\"https:\\\/\\\/www.sogood.be\\\/nl\\\/materiaal\\\/#primaryimage\"},\"thumbnailUrl\":\"https:\\\/\\\/www.sogood.be\\\/wp-content\\\/uploads\\\/2024\\\/01\\\/fer-hvd-A57.jpg\",\"datePublished\":\"2023-09-11T08:45:39+00:00\",\"dateModified\":\"2024-02-26T19:17:29+00:00\",\"breadcrumb\":{\"@id\":\"https:\\\/\\\/www.sogood.be\\\/nl\\\/materiaal\\\/#breadcrumb\"},\"inLanguage\":\"nl-NL\",\"potentialAction\":[{\"@type\":\"ReadAction\",\"target\":[\"https:\\\/\\\/www.sogood.be\\\/nl\\\/materiaal\\\/\"]}]},{\"@type\":\"ImageObject\",\"inLanguage\":\"nl-NL\",\"@id\":\"https:\\\/\\\/www.sogood.be\\\/nl\\\/materiaal\\\/#primaryimage\",\"url\":\"https:\\\/\\\/www.sogood.be\\\/wp-content\\\/uploads\\\/2024\\\/01\\\/fer-hvd-A57.jpg\",\"contentUrl\":\"https:\\\/\\\/www.sogood.be\\\/wp-content\\\/uploads\\\/2024\\\/01\\\/fer-hvd-A57.jpg\"},{\"@type\":\"BreadcrumbList\",\"@id\":\"https:\\\/\\\/www.sogood.be\\\/nl\\\/materiaal\\\/#breadcrumb\",\"itemListElement\":[{\"@type\":\"ListItem\",\"position\":1,\"name\":\"Accueil\",\"item\":\"https:\\\/\\\/www.sogood.be\\\/nl\\\/\"},{\"@type\":\"ListItem\",\"position\":2,\"name\":\"Materiaal\"}]},{\"@type\":\"WebSite\",\"@id\":\"https:\\\/\\\/www.sogood.be\\\/nl\\\/#website\",\"url\":\"https:\\\/\\\/www.sogood.be\\\/nl\\\/\",\"name\":\"So Good\",\"description\":\"P\u00e2tons et gaufres de Li\u00e8ge produits de fa\u00e7on artisanale\",\"publisher\":{\"@id\":\"https:\\\/\\\/www.sogood.be\\\/nl\\\/#organization\"},\"potentialAction\":[{\"@type\":\"SearchAction\",\"target\":{\"@type\":\"EntryPoint\",\"urlTemplate\":\"https:\\\/\\\/www.sogood.be\\\/nl\\\/?s={search_term_string}\"},\"query-input\":{\"@type\":\"PropertyValueSpecification\",\"valueRequired\":true,\"valueName\":\"search_term_string\"}}],\"inLanguage\":\"nl-NL\"},{\"@type\":\"Organization\",\"@id\":\"https:\\\/\\\/www.sogood.be\\\/nl\\\/#organization\",\"name\":\"So Good\",\"url\":\"https:\\\/\\\/www.sogood.be\\\/nl\\\/\",\"logo\":{\"@type\":\"ImageObject\",\"inLanguage\":\"nl-NL\",\"@id\":\"https:\\\/\\\/www.sogood.be\\\/nl\\\/#\\\/schema\\\/logo\\\/image\\\/\",\"url\":\"https:\\\/\\\/www.sogood.be\\\/wp-content\\\/uploads\\\/2023\\\/09\\\/object1483291453.png\",\"contentUrl\":\"https:\\\/\\\/www.sogood.be\\\/wp-content\\\/uploads\\\/2023\\\/09\\\/object1483291453.png\",\"width\":219,\"height\":100,\"caption\":\"So Good\"},\"image\":{\"@id\":\"https:\\\/\\\/www.sogood.be\\\/nl\\\/#\\\/schema\\\/logo\\\/image\\\/\"}}]}<\/script>\n<!-- \/ Yoast SEO plugin. -->","yoast_head_json":{"title":"So Good and wafelijzers HVD","robots":{"index":"index","follow":"follow","max-snippet":"max-snippet:-1","max-image-preview":"max-image-preview:large","max-video-preview":"max-video-preview:-1"},"canonical":"https:\/\/www.sogood.be\/nl\/materiaal\/","og_locale":"nl_NL","og_type":"article","og_title":"So Good and wafelijzers HVD","og_description":"Materiaal so good adviseert de wafelijzers van het merk hvd Uitstekend bakken: de Professionele Wafelijzers van HVD Ontdek de uitmuntenheid van de professionele HVD wafelijzers, zorgvuldig gekozen om een optimale bereiding van onze Luikse wafeldeegbollen te garanderen.Danzij deze optimale apparatuur, verzekert HVD een eindproduct van sup\u00e9rieure kwaliteit . Deze wafelijzers zijn ook de eerste keuze [&hellip;]","og_url":"https:\/\/www.sogood.be\/nl\/materiaal\/","og_site_name":"So Good","article_modified_time":"2024-02-26T19:17:29+00:00","og_image":[{"url":"https:\/\/www.sogood.be\/wp-content\/uploads\/2024\/01\/fer-hvd-A57.jpg","type":"","width":"","height":""}],"twitter_card":"summary_large_image","twitter_misc":{"Geschatte leestijd":"1 minuut"},"schema":{"@context":"https:\/\/schema.org","@graph":[{"@type":"WebPage","@id":"https:\/\/www.sogood.be\/nl\/materiaal\/","url":"https:\/\/www.sogood.be\/nl\/materiaal\/","name":"So Good and wafelijzers HVD","isPartOf":{"@id":"https:\/\/www.sogood.be\/nl\/#website"},"primaryImageOfPage":{"@id":"https:\/\/www.sogood.be\/nl\/materiaal\/#primaryimage"},"image":{"@id":"https:\/\/www.sogood.be\/nl\/materiaal\/#primaryimage"},"thumbnailUrl":"https:\/\/www.sogood.be\/wp-content\/uploads\/2024\/01\/fer-hvd-A57.jpg","datePublished":"2023-09-11T08:45:39+00:00","dateModified":"2024-02-26T19:17:29+00:00","breadcrumb":{"@id":"https:\/\/www.sogood.be\/nl\/materiaal\/#breadcrumb"},"inLanguage":"nl-NL","potentialAction":[{"@type":"ReadAction","target":["https:\/\/www.sogood.be\/nl\/materiaal\/"]}]},{"@type":"ImageObject","inLanguage":"nl-NL","@id":"https:\/\/www.sogood.be\/nl\/materiaal\/#primaryimage","url":"https:\/\/www.sogood.be\/wp-content\/uploads\/2024\/01\/fer-hvd-A57.jpg","contentUrl":"https:\/\/www.sogood.be\/wp-content\/uploads\/2024\/01\/fer-hvd-A57.jpg"},{"@type":"BreadcrumbList","@id":"https:\/\/www.sogood.be\/nl\/materiaal\/#breadcrumb","itemListElement":[{"@type":"ListItem","position":1,"name":"Accueil","item":"https:\/\/www.sogood.be\/nl\/"},{"@type":"ListItem","position":2,"name":"Materiaal"}]},{"@type":"WebSite","@id":"https:\/\/www.sogood.be\/nl\/#website","url":"https:\/\/www.sogood.be\/nl\/","name":"So Good","description":"P\u00e2tons et gaufres de Li\u00e8ge produits de fa\u00e7on artisanale","publisher":{"@id":"https:\/\/www.sogood.be\/nl\/#organization"},"potentialAction":[{"@type":"SearchAction","target":{"@type":"EntryPoint","urlTemplate":"https:\/\/www.sogood.be\/nl\/?s={search_term_string}"},"query-input":{"@type":"PropertyValueSpecification","valueRequired":true,"valueName":"search_term_string"}}],"inLanguage":"nl-NL"},{"@type":"Organization","@id":"https:\/\/www.sogood.be\/nl\/#organization","name":"So Good","url":"https:\/\/www.sogood.be\/nl\/","logo":{"@type":"ImageObject","inLanguage":"nl-NL","@id":"https:\/\/www.sogood.be\/nl\/#\/schema\/logo\/image\/","url":"https:\/\/www.sogood.be\/wp-content\/uploads\/2023\/09\/object1483291453.png","contentUrl":"https:\/\/www.sogood.be\/wp-content\/uploads\/2023\/09\/object1483291453.png","width":219,"height":100,"caption":"So Good"},"image":{"@id":"https:\/\/www.sogood.be\/nl\/#\/schema\/logo\/image\/"}}]}},"_links":{"self":[{"href":"https:\/\/www.sogood.be\/nl\/wp-json\/wp\/v2\/pages\/548","targetHints":{"allow":["GET"]}}],"collection":[{"href":"https:\/\/www.sogood.be\/nl\/wp-json\/wp\/v2\/pages"}],"about":[{"href":"https:\/\/www.sogood.be\/nl\/wp-json\/wp\/v2\/types\/page"}],"author":[{"embeddable":true,"href":"https:\/\/www.sogood.be\/nl\/wp-json\/wp\/v2\/users\/1"}],"replies":[{"embeddable":true,"href":"https:\/\/www.sogood.be\/nl\/wp-json\/wp\/v2\/comments?post=548"}],"version-history":[{"count":0,"href":"https:\/\/www.sogood.be\/nl\/wp-json\/wp\/v2\/pages\/548\/revisions"}],"wp:attachment":[{"href":"https:\/\/www.sogood.be\/nl\/wp-json\/wp\/v2\/media?parent=548"}],"curies":[{"name":"wp","href":"https:\/\/api.w.org\/{rel}","templated":true}]}}