{"id":553,"date":"2023-09-11T10:45:02","date_gmt":"2023-09-11T08:45:02","guid":{"rendered":"https:\/\/www.sogood.be\/patons-pour-gaufre-de-liege-belgique\/"},"modified":"2024-02-28T10:18:33","modified_gmt":"2024-02-28T09:18:33","slug":"dough-liege-waffles-belgium","status":"publish","type":"page","link":"https:\/\/www.sogood.be\/en\/dough-liege-waffles-belgium\/","title":{"rendered":"Our dough"},"content":{"rendered":"\t\t<div data-elementor-type=\"wp-page\" data-elementor-id=\"553\" class=\"elementor elementor-553 elementor-59\" data-elementor-post-type=\"page\">\n\t\t\t\t\t\t<section class=\"elementor-section elementor-top-section elementor-element elementor-element-c445067 elementor-section-boxed elementor-section-height-default elementor-section-height-default\" data-id=\"c445067\" data-element_type=\"section\" data-e-type=\"section\" data-settings=\"{&quot;background_background&quot;:&quot;classic&quot;}\">\n\t\t\t\t\t\t\t<div class=\"elementor-background-overlay\"><\/div>\n\t\t\t\t\t\t\t<div class=\"elementor-container elementor-column-gap-default\">\n\t\t\t\t\t<div class=\"elementor-column elementor-col-100 elementor-top-column elementor-element elementor-element-d6f6ab4\" data-id=\"d6f6ab4\" data-element_type=\"column\" data-e-type=\"column\">\n\t\t\t<div class=\"elementor-widget-wrap elementor-element-populated\">\n\t\t\t\t\t\t<div class=\"elementor-element elementor-element-a82ff4b elementor-widget elementor-widget-heading\" data-id=\"a82ff4b\" data-element_type=\"widget\" data-e-type=\"widget\" data-widget_type=\"heading.default\">\n\t\t\t\t\t<div class=\"elementor-heading-title elementor-size-default\">A family success<\/div>\t\t\t\t<\/div>\n\t\t\t\t<div class=\"elementor-element elementor-element-bd9561c elementor-widget elementor-widget-heading\" data-id=\"bd9561c\" data-element_type=\"widget\" data-e-type=\"widget\" data-widget_type=\"heading.default\">\n\t\t\t\t\t<h1 class=\"elementor-heading-title elementor-size-default\">Our frozen Li\u00e8ge<br> waffle dough<\/h1>\t\t\t\t<\/div>\n\t\t\t\t<div class=\"elementor-element elementor-element-d11edbe elementor-widget elementor-widget-heading\" data-id=\"d11edbe\" data-element_type=\"widget\" data-e-type=\"widget\" data-widget_type=\"heading.default\">\n\t\t\t\t\t<h2 class=\"elementor-heading-title elementor-size-default\">Artisanal production<\/h2>\t\t\t\t<\/div>\n\t\t\t\t\t<\/div>\n\t\t<\/div>\n\t\t\t\t\t<\/div>\n\t\t<\/section>\n\t\t\t\t<section class=\"elementor-section elementor-top-section elementor-element elementor-element-fbae360 elementor-section-boxed elementor-section-height-default elementor-section-height-default\" data-id=\"fbae360\" data-element_type=\"section\" data-e-type=\"section\">\n\t\t\t\t\t\t<div class=\"elementor-container elementor-column-gap-default\">\n\t\t\t\t\t<div class=\"elementor-column elementor-col-50 elementor-top-column elementor-element elementor-element-7ef140e\" data-id=\"7ef140e\" data-element_type=\"column\" data-e-type=\"column\">\n\t\t\t<div class=\"elementor-widget-wrap elementor-element-populated\">\n\t\t\t\t\t\t<div class=\"elementor-element elementor-element-10869d9 ux-img-border elementor-hidden-tablet elementor-hidden-mobile elementor-widget elementor-widget-image\" data-id=\"10869d9\" data-element_type=\"widget\" data-e-type=\"widget\" data-widget_type=\"image.default\">\n\t\t\t\t\t\t\t\t\t\t\t\t\t\t\t<img fetchpriority=\"high\" decoding=\"async\" width=\"400\" height=\"533\" src=\"https:\/\/www.sogood.be\/wp-content\/uploads\/2024\/01\/gaufre-de-liege-au-sucre-1.1.jpg\" class=\"attachment-full size-full wp-image-377\" alt=\"\" srcset=\"https:\/\/www.sogood.be\/wp-content\/uploads\/2024\/01\/gaufre-de-liege-au-sucre-1.1.jpg 400w, https:\/\/www.sogood.be\/wp-content\/uploads\/2024\/01\/gaufre-de-liege-au-sucre-1.1-225x300.jpg 225w\" sizes=\"(max-width: 400px) 100vw, 400px\" \/>\t\t\t\t\t\t\t\t\t\t\t\t\t\t\t<\/div>\n\t\t\t\t<div class=\"elementor-element elementor-element-3497c3a ux-img-border elementor-hidden-desktop elementor-widget elementor-widget-image\" data-id=\"3497c3a\" data-element_type=\"widget\" data-e-type=\"widget\" data-widget_type=\"image.default\">\n\t\t\t\t\t\t\t\t\t\t\t\t\t\t\t<img decoding=\"async\" width=\"1000\" height=\"750\" src=\"https:\/\/www.sogood.be\/wp-content\/uploads\/2024\/01\/gaufre-de-liege-au-sucre-2.jpg\" class=\"attachment-full size-full wp-image-380\" alt=\"\" srcset=\"https:\/\/www.sogood.be\/wp-content\/uploads\/2024\/01\/gaufre-de-liege-au-sucre-2.jpg 1000w, https:\/\/www.sogood.be\/wp-content\/uploads\/2024\/01\/gaufre-de-liege-au-sucre-2-300x225.jpg 300w, https:\/\/www.sogood.be\/wp-content\/uploads\/2024\/01\/gaufre-de-liege-au-sucre-2-768x576.jpg 768w\" sizes=\"(max-width: 1000px) 100vw, 1000px\" \/>\t\t\t\t\t\t\t\t\t\t\t\t\t\t\t<\/div>\n\t\t\t\t\t<\/div>\n\t\t<\/div>\n\t\t\t\t<div class=\"elementor-column elementor-col-50 elementor-top-column elementor-element elementor-element-8c5d284\" data-id=\"8c5d284\" data-element_type=\"column\" data-e-type=\"column\">\n\t\t\t<div class=\"elementor-widget-wrap elementor-element-populated\">\n\t\t\t\t\t\t<div class=\"elementor-element elementor-element-6a739d1 elementor-widget elementor-widget-heading\" data-id=\"6a739d1\" data-element_type=\"widget\" data-e-type=\"widget\" data-widget_type=\"heading.default\">\n\t\t\t\t\t<h2 class=\"elementor-heading-title elementor-size-default\">Discover the Exquisite Craftsmanship of So Good's Li\u00e8ge Waffle Dough<\/h2>\t\t\t\t<\/div>\n\t\t\t\t<div class=\"elementor-element elementor-element-b0b04bf elementor-drop-cap-yes elementor-drop-cap-view-default elementor-widget elementor-widget-text-editor\" data-id=\"b0b04bf\" data-element_type=\"widget\" data-e-type=\"widget\" data-settings=\"{&quot;drop_cap&quot;:&quot;yes&quot;}\" data-widget_type=\"text-editor.default\">\n\t\t\t\t\t\t\t\t\t<p>Our Li\u00e8ge waffle doughs are the result of craftsmanship, combining passion and quality. Each bite reflects the authenticity of a well-preserved Belgian tradition, while providing the convenience of carefully packaged preparation.<\/p>\t\t\t\t\t\t\t\t<\/div>\n\t\t\t\t<div class=\"elementor-element elementor-element-e4f973a elementor-widget elementor-widget-accordion\" data-id=\"e4f973a\" data-element_type=\"widget\" data-e-type=\"widget\" data-widget_type=\"accordion.default\">\n\t\t\t\t\t\t\t<div class=\"elementor-accordion\">\n\t\t\t\t\t\t\t<div class=\"elementor-accordion-item\">\n\t\t\t\t\t<div id=\"elementor-tab-title-2401\" class=\"elementor-tab-title\" data-tab=\"1\" role=\"button\" aria-controls=\"elementor-tab-content-2401\" aria-expanded=\"false\">\n\t\t\t\t\t\t\t\t\t\t\t\t\t<span class=\"elementor-accordion-icon elementor-accordion-icon-left\" aria-hidden=\"true\">\n\t\t\t\t\t\t\t\t\t\t\t\t\t\t\t<span class=\"elementor-accordion-icon-closed\"><svg class=\"e-font-icon-svg e-fas-angle-down\" viewBox=\"0 0 320 512\" xmlns=\"http:\/\/www.w3.org\/2000\/svg\"><path d=\"M143 352.3L7 216.3c-9.4-9.4-9.4-24.6 0-33.9l22.6-22.6c9.4-9.4 24.6-9.4 33.9 0l96.4 96.4 96.4-96.4c9.4-9.4 24.6-9.4 33.9 0l22.6 22.6c9.4 9.4 9.4 24.6 0 33.9l-136 136c-9.2 9.4-24.4 9.4-33.8 0z\"><\/path><\/svg><\/span>\n\t\t\t\t\t\t\t\t<span class=\"elementor-accordion-icon-opened\"><svg class=\"e-font-icon-svg e-fas-angle-up\" viewBox=\"0 0 320 512\" xmlns=\"http:\/\/www.w3.org\/2000\/svg\"><path d=\"M177 159.7l136 136c9.4 9.4 9.4 24.6 0 33.9l-22.6 22.6c-9.4 9.4-24.6 9.4-33.9 0L160 255.9l-96.4 96.4c-9.4 9.4-24.6 9.4-33.9 0L7 329.7c-9.4-9.4-9.4-24.6 0-33.9l136-136c9.4-9.5 24.6-9.5 34-.1z\"><\/path><\/svg><\/span>\n\t\t\t\t\t\t\t\t\t\t\t\t\t\t<\/span>\n\t\t\t\t\t\t\t\t\t\t\t\t<a class=\"elementor-accordion-title\" tabindex=\"0\">Superior quality<\/a>\n\t\t\t\t\t<\/div>\n\t\t\t\t\t<div id=\"elementor-tab-content-2401\" class=\"elementor-tab-content elementor-clearfix\" data-tab=\"1\" role=\"region\" aria-labelledby=\"elementor-tab-title-2401\"><p>Immerse yourself in an unparalleled taste experience with our Li\u00e8ge waffle doughs, crafted from meticulously selected ingredients. The pursuit of quality guides every step of our artisanal production process. Each dough is ready to be enjoyed and shared.<\/p><\/div>\n\t\t\t\t<\/div>\n\t\t\t\t\t\t\t<div class=\"elementor-accordion-item\">\n\t\t\t\t\t<div id=\"elementor-tab-title-2402\" class=\"elementor-tab-title\" data-tab=\"2\" role=\"button\" aria-controls=\"elementor-tab-content-2402\" aria-expanded=\"false\">\n\t\t\t\t\t\t\t\t\t\t\t\t\t<span class=\"elementor-accordion-icon elementor-accordion-icon-left\" aria-hidden=\"true\">\n\t\t\t\t\t\t\t\t\t\t\t\t\t\t\t<span class=\"elementor-accordion-icon-closed\"><svg class=\"e-font-icon-svg e-fas-angle-down\" viewBox=\"0 0 320 512\" xmlns=\"http:\/\/www.w3.org\/2000\/svg\"><path d=\"M143 352.3L7 216.3c-9.4-9.4-9.4-24.6 0-33.9l22.6-22.6c9.4-9.4 24.6-9.4 33.9 0l96.4 96.4 96.4-96.4c9.4-9.4 24.6-9.4 33.9 0l22.6 22.6c9.4 9.4 9.4 24.6 0 33.9l-136 136c-9.2 9.4-24.4 9.4-33.8 0z\"><\/path><\/svg><\/span>\n\t\t\t\t\t\t\t\t<span class=\"elementor-accordion-icon-opened\"><svg class=\"e-font-icon-svg e-fas-angle-up\" viewBox=\"0 0 320 512\" xmlns=\"http:\/\/www.w3.org\/2000\/svg\"><path d=\"M177 159.7l136 136c9.4 9.4 9.4 24.6 0 33.9l-22.6 22.6c-9.4 9.4-24.6 9.4-33.9 0L160 255.9l-96.4 96.4c-9.4 9.4-24.6 9.4-33.9 0L7 329.7c-9.4-9.4-9.4-24.6 0-33.9l136-136c9.4-9.5 24.6-9.5 34-.1z\"><\/path><\/svg><\/span>\n\t\t\t\t\t\t\t\t\t\t\t\t\t\t<\/span>\n\t\t\t\t\t\t\t\t\t\t\t\t<a class=\"elementor-accordion-title\" tabindex=\"0\">Optimal packaging<\/a>\n\t\t\t\t\t<\/div>\n\t\t\t\t\t<div id=\"elementor-tab-content-2402\" class=\"elementor-tab-content elementor-clearfix\" data-tab=\"2\" role=\"region\" aria-labelledby=\"elementor-tab-title-2402\"><p>Freshness is our top priority. Our doughs are carefully packaged in boxes of 130 pieces, organized in cellular trays of 26 units, ensuring easy handling and optimal preservation. So Good is committed to maintaining the quality of our doughs until they arrive in your hands, ready to be transformed into delicious treats.<\/p><\/div>\n\t\t\t\t<\/div>\n\t\t\t\t\t\t\t<div class=\"elementor-accordion-item\">\n\t\t\t\t\t<div id=\"elementor-tab-title-2403\" class=\"elementor-tab-title\" data-tab=\"3\" role=\"button\" aria-controls=\"elementor-tab-content-2403\" aria-expanded=\"false\">\n\t\t\t\t\t\t\t\t\t\t\t\t\t<span class=\"elementor-accordion-icon elementor-accordion-icon-left\" aria-hidden=\"true\">\n\t\t\t\t\t\t\t\t\t\t\t\t\t\t\t<span class=\"elementor-accordion-icon-closed\"><svg class=\"e-font-icon-svg e-fas-angle-down\" viewBox=\"0 0 320 512\" xmlns=\"http:\/\/www.w3.org\/2000\/svg\"><path d=\"M143 352.3L7 216.3c-9.4-9.4-9.4-24.6 0-33.9l22.6-22.6c9.4-9.4 24.6-9.4 33.9 0l96.4 96.4 96.4-96.4c9.4-9.4 24.6-9.4 33.9 0l22.6 22.6c9.4 9.4 9.4 24.6 0 33.9l-136 136c-9.2 9.4-24.4 9.4-33.8 0z\"><\/path><\/svg><\/span>\n\t\t\t\t\t\t\t\t<span class=\"elementor-accordion-icon-opened\"><svg class=\"e-font-icon-svg e-fas-angle-up\" viewBox=\"0 0 320 512\" xmlns=\"http:\/\/www.w3.org\/2000\/svg\"><path d=\"M177 159.7l136 136c9.4 9.4 9.4 24.6 0 33.9l-22.6 22.6c-9.4 9.4-24.6 9.4-33.9 0L160 255.9l-96.4 96.4c-9.4 9.4-24.6 9.4-33.9 0L7 329.7c-9.4-9.4-9.4-24.6 0-33.9l136-136c9.4-9.5 24.6-9.5 34-.1z\"><\/path><\/svg><\/span>\n\t\t\t\t\t\t\t\t\t\t\t\t\t\t<\/span>\n\t\t\t\t\t\t\t\t\t\t\t\t<a class=\"elementor-accordion-title\" tabindex=\"0\">Strict Sanitary Regulations<\/a>\n\t\t\t\t\t<\/div>\n\t\t\t\t\t<div id=\"elementor-tab-content-2403\" class=\"elementor-tab-content elementor-clearfix\" data-tab=\"3\" role=\"region\" aria-labelledby=\"elementor-tab-title-2403\"><p>Your health and satisfaction are our commitment. So Good adheres to the stringent sanitary standards of FASFC in Europe and the FDA in the United States. Our immediate packaging and freezing process takes place at optimal temperatures, ensuring the preservation of authentic flavors while meeting the strictest food requirements. With So Good, trust is savored at every moment.<\/p><\/div>\n\t\t\t\t<\/div>\n\t\t\t\t\t\t\t\t<\/div>\n\t\t\t\t\t\t<\/div>\n\t\t\t\t\t<\/div>\n\t\t<\/div>\n\t\t\t\t\t<\/div>\n\t\t<\/section>\n\t\t\t\t<\/div>\n\t\t","protected":false},"excerpt":{"rendered":"<p>A family success Our frozen Li\u00e8ge waffle dough Artisanal production Discover the Exquisite Craftsmanship of So Good&#8217;s Li\u00e8ge Waffle Dough Our Li\u00e8ge waffle doughs are the result of craftsmanship, combining passion and quality. Each bite reflects the authenticity of a well-preserved Belgian tradition, while providing the convenience of carefully packaged preparation. Superior quality Immerse yourself [&hellip;]<\/p>\n","protected":false},"author":1,"featured_media":0,"parent":0,"menu_order":0,"comment_status":"closed","ping_status":"closed","template":"","meta":{"footnotes":""},"class_list":["post-553","page","type-page","status-publish","hentry"],"yoast_head":"<!-- This site is optimized with the Yoast SEO plugin v27.5 - https:\/\/yoast.com\/product\/yoast-seo-wordpress\/ -->\n<title>Handcrafted production of frozen Li\u00e8ge waffle dough - So Good<\/title>\n<meta name=\"description\" content=\"Dive into the authenticity of the artisanal production of frozen Li\u00e8ge waffle dough. Ready to use and carefully frozen, our dough portions provide an unparalleled taste experience\" \/>\n<meta name=\"robots\" content=\"index, follow, max-snippet:-1, max-image-preview:large, max-video-preview:-1\" \/>\n<link rel=\"canonical\" href=\"https:\/\/www.sogood.be\/en\/dough-liege-waffles-belgium\/\" \/>\n<meta property=\"og:locale\" content=\"en_US\" \/>\n<meta property=\"og:type\" content=\"article\" \/>\n<meta property=\"og:title\" content=\"Handcrafted production of frozen Li\u00e8ge waffle dough - So Good\" \/>\n<meta property=\"og:description\" content=\"Dive into the authenticity of the artisanal production of frozen Li\u00e8ge waffle dough. Ready to use and carefully frozen, our dough portions provide an unparalleled taste experience\" \/>\n<meta property=\"og:url\" content=\"https:\/\/www.sogood.be\/en\/dough-liege-waffles-belgium\/\" \/>\n<meta property=\"og:site_name\" content=\"So Good\" \/>\n<meta property=\"article:modified_time\" content=\"2024-02-28T09:18:33+00:00\" \/>\n<meta property=\"og:image\" content=\"https:\/\/www.sogood.be\/wp-content\/uploads\/2024\/01\/gaufre-de-liege-au-sucre-1.1.jpg\" \/>\n<meta name=\"twitter:card\" content=\"summary_large_image\" \/>\n<meta name=\"twitter:label1\" content=\"Est. reading time\" \/>\n\t<meta name=\"twitter:data1\" content=\"2 minutes\" \/>\n<script type=\"application\/ld+json\" class=\"yoast-schema-graph\">{\"@context\":\"https:\\\/\\\/schema.org\",\"@graph\":[{\"@type\":\"WebPage\",\"@id\":\"https:\\\/\\\/www.sogood.be\\\/en\\\/dough-liege-waffles-belgium\\\/\",\"url\":\"https:\\\/\\\/www.sogood.be\\\/en\\\/dough-liege-waffles-belgium\\\/\",\"name\":\"Handcrafted production of frozen Li\u00e8ge waffle dough - So Good\",\"isPartOf\":{\"@id\":\"https:\\\/\\\/www.sogood.be\\\/en\\\/#website\"},\"primaryImageOfPage\":{\"@id\":\"https:\\\/\\\/www.sogood.be\\\/en\\\/dough-liege-waffles-belgium\\\/#primaryimage\"},\"image\":{\"@id\":\"https:\\\/\\\/www.sogood.be\\\/en\\\/dough-liege-waffles-belgium\\\/#primaryimage\"},\"thumbnailUrl\":\"https:\\\/\\\/www.sogood.be\\\/wp-content\\\/uploads\\\/2024\\\/01\\\/gaufre-de-liege-au-sucre-1.1.jpg\",\"datePublished\":\"2023-09-11T08:45:02+00:00\",\"dateModified\":\"2024-02-28T09:18:33+00:00\",\"description\":\"Dive into the authenticity of the artisanal production of frozen Li\u00e8ge waffle dough. Ready to use and carefully frozen, our dough portions provide an unparalleled taste experience\",\"breadcrumb\":{\"@id\":\"https:\\\/\\\/www.sogood.be\\\/en\\\/dough-liege-waffles-belgium\\\/#breadcrumb\"},\"inLanguage\":\"en-US\",\"potentialAction\":[{\"@type\":\"ReadAction\",\"target\":[\"https:\\\/\\\/www.sogood.be\\\/en\\\/dough-liege-waffles-belgium\\\/\"]}]},{\"@type\":\"ImageObject\",\"inLanguage\":\"en-US\",\"@id\":\"https:\\\/\\\/www.sogood.be\\\/en\\\/dough-liege-waffles-belgium\\\/#primaryimage\",\"url\":\"https:\\\/\\\/www.sogood.be\\\/wp-content\\\/uploads\\\/2024\\\/01\\\/gaufre-de-liege-au-sucre-1.1.jpg\",\"contentUrl\":\"https:\\\/\\\/www.sogood.be\\\/wp-content\\\/uploads\\\/2024\\\/01\\\/gaufre-de-liege-au-sucre-1.1.jpg\"},{\"@type\":\"BreadcrumbList\",\"@id\":\"https:\\\/\\\/www.sogood.be\\\/en\\\/dough-liege-waffles-belgium\\\/#breadcrumb\",\"itemListElement\":[{\"@type\":\"ListItem\",\"position\":1,\"name\":\"Accueil\",\"item\":\"https:\\\/\\\/www.sogood.be\\\/en\\\/\"},{\"@type\":\"ListItem\",\"position\":2,\"name\":\"Our dough\"}]},{\"@type\":\"WebSite\",\"@id\":\"https:\\\/\\\/www.sogood.be\\\/en\\\/#website\",\"url\":\"https:\\\/\\\/www.sogood.be\\\/en\\\/\",\"name\":\"So Good\",\"description\":\"P\u00e2tons et gaufres de Li\u00e8ge produits de fa\u00e7on artisanale\",\"publisher\":{\"@id\":\"https:\\\/\\\/www.sogood.be\\\/en\\\/#organization\"},\"potentialAction\":[{\"@type\":\"SearchAction\",\"target\":{\"@type\":\"EntryPoint\",\"urlTemplate\":\"https:\\\/\\\/www.sogood.be\\\/en\\\/?s={search_term_string}\"},\"query-input\":{\"@type\":\"PropertyValueSpecification\",\"valueRequired\":true,\"valueName\":\"search_term_string\"}}],\"inLanguage\":\"en-US\"},{\"@type\":\"Organization\",\"@id\":\"https:\\\/\\\/www.sogood.be\\\/en\\\/#organization\",\"name\":\"So Good\",\"url\":\"https:\\\/\\\/www.sogood.be\\\/en\\\/\",\"logo\":{\"@type\":\"ImageObject\",\"inLanguage\":\"en-US\",\"@id\":\"https:\\\/\\\/www.sogood.be\\\/en\\\/#\\\/schema\\\/logo\\\/image\\\/\",\"url\":\"https:\\\/\\\/www.sogood.be\\\/wp-content\\\/uploads\\\/2023\\\/09\\\/object1483291453.png\",\"contentUrl\":\"https:\\\/\\\/www.sogood.be\\\/wp-content\\\/uploads\\\/2023\\\/09\\\/object1483291453.png\",\"width\":219,\"height\":100,\"caption\":\"So Good\"},\"image\":{\"@id\":\"https:\\\/\\\/www.sogood.be\\\/en\\\/#\\\/schema\\\/logo\\\/image\\\/\"}}]}<\/script>\n<!-- \/ Yoast SEO plugin. -->","yoast_head_json":{"title":"Handcrafted production of frozen Li\u00e8ge waffle dough - So Good","description":"Dive into the authenticity of the artisanal production of frozen Li\u00e8ge waffle dough. Ready to use and carefully frozen, our dough portions provide an unparalleled taste experience","robots":{"index":"index","follow":"follow","max-snippet":"max-snippet:-1","max-image-preview":"max-image-preview:large","max-video-preview":"max-video-preview:-1"},"canonical":"https:\/\/www.sogood.be\/en\/dough-liege-waffles-belgium\/","og_locale":"en_US","og_type":"article","og_title":"Handcrafted production of frozen Li\u00e8ge waffle dough - So Good","og_description":"Dive into the authenticity of the artisanal production of frozen Li\u00e8ge waffle dough. Ready to use and carefully frozen, our dough portions provide an unparalleled taste experience","og_url":"https:\/\/www.sogood.be\/en\/dough-liege-waffles-belgium\/","og_site_name":"So Good","article_modified_time":"2024-02-28T09:18:33+00:00","og_image":[{"url":"https:\/\/www.sogood.be\/wp-content\/uploads\/2024\/01\/gaufre-de-liege-au-sucre-1.1.jpg","type":"","width":"","height":""}],"twitter_card":"summary_large_image","twitter_misc":{"Est. reading time":"2 minutes"},"schema":{"@context":"https:\/\/schema.org","@graph":[{"@type":"WebPage","@id":"https:\/\/www.sogood.be\/en\/dough-liege-waffles-belgium\/","url":"https:\/\/www.sogood.be\/en\/dough-liege-waffles-belgium\/","name":"Handcrafted production of frozen Li\u00e8ge waffle dough - So Good","isPartOf":{"@id":"https:\/\/www.sogood.be\/en\/#website"},"primaryImageOfPage":{"@id":"https:\/\/www.sogood.be\/en\/dough-liege-waffles-belgium\/#primaryimage"},"image":{"@id":"https:\/\/www.sogood.be\/en\/dough-liege-waffles-belgium\/#primaryimage"},"thumbnailUrl":"https:\/\/www.sogood.be\/wp-content\/uploads\/2024\/01\/gaufre-de-liege-au-sucre-1.1.jpg","datePublished":"2023-09-11T08:45:02+00:00","dateModified":"2024-02-28T09:18:33+00:00","description":"Dive into the authenticity of the artisanal production of frozen Li\u00e8ge waffle dough. Ready to use and carefully frozen, our dough portions provide an unparalleled taste experience","breadcrumb":{"@id":"https:\/\/www.sogood.be\/en\/dough-liege-waffles-belgium\/#breadcrumb"},"inLanguage":"en-US","potentialAction":[{"@type":"ReadAction","target":["https:\/\/www.sogood.be\/en\/dough-liege-waffles-belgium\/"]}]},{"@type":"ImageObject","inLanguage":"en-US","@id":"https:\/\/www.sogood.be\/en\/dough-liege-waffles-belgium\/#primaryimage","url":"https:\/\/www.sogood.be\/wp-content\/uploads\/2024\/01\/gaufre-de-liege-au-sucre-1.1.jpg","contentUrl":"https:\/\/www.sogood.be\/wp-content\/uploads\/2024\/01\/gaufre-de-liege-au-sucre-1.1.jpg"},{"@type":"BreadcrumbList","@id":"https:\/\/www.sogood.be\/en\/dough-liege-waffles-belgium\/#breadcrumb","itemListElement":[{"@type":"ListItem","position":1,"name":"Accueil","item":"https:\/\/www.sogood.be\/en\/"},{"@type":"ListItem","position":2,"name":"Our dough"}]},{"@type":"WebSite","@id":"https:\/\/www.sogood.be\/en\/#website","url":"https:\/\/www.sogood.be\/en\/","name":"So Good","description":"P\u00e2tons et gaufres de Li\u00e8ge produits de fa\u00e7on artisanale","publisher":{"@id":"https:\/\/www.sogood.be\/en\/#organization"},"potentialAction":[{"@type":"SearchAction","target":{"@type":"EntryPoint","urlTemplate":"https:\/\/www.sogood.be\/en\/?s={search_term_string}"},"query-input":{"@type":"PropertyValueSpecification","valueRequired":true,"valueName":"search_term_string"}}],"inLanguage":"en-US"},{"@type":"Organization","@id":"https:\/\/www.sogood.be\/en\/#organization","name":"So Good","url":"https:\/\/www.sogood.be\/en\/","logo":{"@type":"ImageObject","inLanguage":"en-US","@id":"https:\/\/www.sogood.be\/en\/#\/schema\/logo\/image\/","url":"https:\/\/www.sogood.be\/wp-content\/uploads\/2023\/09\/object1483291453.png","contentUrl":"https:\/\/www.sogood.be\/wp-content\/uploads\/2023\/09\/object1483291453.png","width":219,"height":100,"caption":"So Good"},"image":{"@id":"https:\/\/www.sogood.be\/en\/#\/schema\/logo\/image\/"}}]}},"_links":{"self":[{"href":"https:\/\/www.sogood.be\/en\/wp-json\/wp\/v2\/pages\/553","targetHints":{"allow":["GET"]}}],"collection":[{"href":"https:\/\/www.sogood.be\/en\/wp-json\/wp\/v2\/pages"}],"about":[{"href":"https:\/\/www.sogood.be\/en\/wp-json\/wp\/v2\/types\/page"}],"author":[{"embeddable":true,"href":"https:\/\/www.sogood.be\/en\/wp-json\/wp\/v2\/users\/1"}],"replies":[{"embeddable":true,"href":"https:\/\/www.sogood.be\/en\/wp-json\/wp\/v2\/comments?post=553"}],"version-history":[{"count":0,"href":"https:\/\/www.sogood.be\/en\/wp-json\/wp\/v2\/pages\/553\/revisions"}],"wp:attachment":[{"href":"https:\/\/www.sogood.be\/en\/wp-json\/wp\/v2\/media?parent=553"}],"curies":[{"name":"wp","href":"https:\/\/api.w.org\/{rel}","templated":true}]}}